{"id":12473,"date":"2022-11-24T10:36:24","date_gmt":"2022-11-24T10:36:24","guid":{"rendered":"https:\/\/tiivii.com\/site\/?page_id=12473"},"modified":"2023-12-21T11:36:35","modified_gmt":"2023-12-21T11:36:35","slug":"politica-de-privacidad-y-cookies","status":"publish","type":"page","link":"https:\/\/tiivii.com\/site\/politica-de-privacidad-y-cookies\/","title":{"rendered":"Pol\u00edtica de privacidad y cookies"},"content":{"rendered":"\n<h2 class=\"wp-block-heading\">Who are we<\/h2>\n\n\n\n<p>La direcci\u00f3n de nuestra web es: <a href=\"https:\/\/tiivii.com\/\">https:\/\/tiivii.com\/<\/a>.<\/p>\n\n\n\n<p>1. DATOS IDENTIFICATIVOS<\/p>\n\n\n\n<figure class=\"wp-block-table\"><table><tbody><tr><td>Responsable<\/td><td>CINFO CONTENIDOS INFORMATIVOS ESPECIALIZADOS, S.L.<br>(en adelante, \u201cCINFO\u201d)<\/td><\/tr><tr><td>CIF<\/td><td>B15757941<\/td><\/tr><tr><td>P\u00e1gina web<\/td><td>&nbsp;<a href=\"https:\/\/tiivii.com\/\">www.tiivii.com<\/a><\/td><\/tr><tr><td>Domicilio Social<\/td><td>Edificio CSA, 1a planta, Ciudad de las TIC<br>Avenida de Pedralonga, 32<br>15009 A Coru\u00f1a<\/td><\/tr><tr><td>Datos Registrales<\/td><td>Registro Mercantil de A CORU\u00d1A T 2913, F 139, S 8, H C&nbsp; 25677, I\/A 29<\/td><\/tr><tr><td>Email<\/td><td><a href=\"mailto:gdpr@cinfo.es\" target=\"_blank\" rel=\"noreferrer noopener\">gdpr@cinfo.es<\/a><\/td><\/tr><\/tbody><\/table><\/figure>\n\n\n\n<p>2. CONTENIDO DE LA P\u00c1GINA WEB<\/p>\n\n\n\n<p>Le advertimos que CINFO es la titular de todos los derechos de la propiedad&nbsp;intelectual e industrial de la p\u00e1gina web, as\u00ed como de los elementos contenidos en la&nbsp;misma (a t\u00edtulo enunciativo: im\u00e1genes, sonido, audio, v\u00eddeo, software o textos; marcas o&nbsp;logotipos, combinaciones de colores, estructura y dise\u00f1o, selecci\u00f3n de materiales&nbsp;usados, programas de ordenador necesarios para su funcionamiento, acceso y uso, etc.)<\/p>\n\n\n\n<p>La p\u00e1gina web de CINFO est\u00e1 compuesta por textos que pretenden informar a sus&nbsp;usuarios y clientes. Cualquier error u omisi\u00f3n en el contenido generado no har\u00e1&nbsp;responsable en ning\u00fan caso a CINFO.<\/p>\n\n\n\n<p>CINFO no responde por aquellos contenidos a los que sus usuarios tendr\u00e1n&nbsp;acceso a trav\u00e9s de enlaces de terceros que contiene nuestra p\u00e1gina web. El uso de estos&nbsp;enlaces de terceros no implicar\u00e1 que CINFO haya aprobado los contenidos de las&nbsp;p\u00e1ginas externas. A su vez, se informa que CINFO tiene el consentimiento para utilizar las marcas de terceros que aparecen la p\u00e1gina web.<\/p>\n\n\n\n<p>3. POL\u00cdTICA DE PRIVACIDAD<\/p>\n\n\n\n<p>Mediante la presente Pol\u00edtica de Privacidad, el usuario queda informado de una forma clara, precisa y concisa. Si el usuario la acepta, nos dar\u00e1 su consentimiento de una forma libre, informada, espec\u00edfica e inequ\u00edvoca para que CINFO trate sus datos personales, conforme al Reglamento General de Protecci\u00f3n de Datos de la Uni\u00f3n Europea (en adelante \u201cRGPD\u201d)<\/p>\n\n\n\n<p>3.1 \u00bfQui\u00e9n es el responsable del tratamiento del usuario?<\/p>\n\n\n\n<ul class=\"wp-block-list\">\n<li>Los datos identificativos del responsable se indican en el apartado 1.<\/li>\n<\/ul>\n\n\n\n<p>3.2 \u00bfQu\u00e9 informaci\u00f3n recopilamos y tratamos del usuario?<\/p>\n\n\n\n<p>CINFO tratar\u00e1 los siguientes datos personales del usuario:<\/p>\n\n\n\n<ul class=\"wp-block-list\">\n<li>Datos identificativos: nombre, apellidos y DNI.<\/li>\n\n\n\n<li>Datos de contacto: n\u00famero de tel\u00e9fono, correo electr\u00f3nico y direcci\u00f3n postal.<\/li>\n<\/ul>\n\n\n\n<p>En el caso de que el usuario nos facilite datos de terceros, asumir\u00e1 la responsabilidad de haberle informado previamente y tener su consentimiento para ello, conforme al art\u00edculo 14 del RGPD.<\/p>\n\n\n\n<p>3.3 \u00bfCon qu\u00e9 finalidad tratamos los datos personales del usuario?<\/p>\n\n\n\n<p>CINFO realiza un tratamiento de datos personales con las finalidades que se exponen a continuaci\u00f3n, en funci\u00f3n del motivo para el que hayan sido facilitados:<\/p>\n\n\n\n<p>a) Llevar a cabo la prestaci\u00f3n de los servicios contratados, el mantenimiento de la relaci\u00f3n contractual y el seguimiento de la misma.<\/p>\n\n\n\n<p>b) Contactar, tramitar, gestionar y dar respuesta a la petici\u00f3n, solicitud, incidencia o consulta del usuario, ya sea a trav\u00e9s de correo electr\u00f3nico, formulario de contacto o tel\u00e9fono.<\/p>\n\n\n\n<p>c) Gestionar en su caso, la participaci\u00f3n del usuario en el \u00e1rea privada del cliente.<\/p>\n\n\n\n<p>d) Gestionar, en su caso, el env\u00edo de comunicaciones comerciales sobre productos y servicios comercializados por CINFO a trav\u00e9s de medios electr\u00f3nicos y\/o convencionales.<\/p>\n\n\n\n<p>e) Realizar, en su caso, un perfil del usuario para ofrecerle los productos y servicios relacionados a CINFO de acuerdo con sus intereses.<\/p>\n\n\n\n<p>f) Valorar y gestionar, en su caso, el curriculum vitae facilitado por el usuario para procesos de selecci\u00f3n que se adapten a su perfil profesional y llevar a cabo las actuaciones necesarias&nbsp; para la selecci\u00f3n y contrataci\u00f3n de personal.<\/p>\n\n\n\n<p>3.4 \u00bfCu\u00e1l es la legitimaci\u00f3n del tratamiento de los datos del usuario?<\/p>\n\n\n\n<ul class=\"wp-block-list\">\n<li>La base legal para el tratamiento de sus datos personales para las finalidades a), b) y c) es la ejecuci\u00f3n de la prestaci\u00f3n del servicio correspondiente, y es una obligaci\u00f3n imperativa para ello.<\/li>\n\n\n\n<li>La base legal para el tratamiento de los datos personales para las finalidades d) e) y f) es el consentimiento que otorga el usuario de forma expresa.<\/li>\n<\/ul>\n\n\n\n<p>3.5 \u00bfDurante cu\u00e1nto tiempo tratar\u00e1 CINFO los datos personales del usuario?<\/p>\n\n\n\n<ul class=\"wp-block-list\">\n<li>Los datos para la gesti\u00f3n de la relaci\u00f3n con el cliente, la facturaci\u00f3n y cobro de los servicios ser\u00e1n conservados durante todo el tiempo en que el contrato est\u00e9 vigente. Una vez finalizada dicha relaci\u00f3n, en su caso, los datos podr\u00e1n ser conservados durante el tiempo exigido por la legislaci\u00f3n aplicable y hasta que prescriban las eventuales responsabilidades derivadas del contrato.<\/li>\n\n\n\n<li>Los datos para la gesti\u00f3n de consultas y solicitudes se conservar\u00e1n durante el tiempo necesario para dar respuesta a los mismos, con un plazo m\u00e1ximo de un a\u00f1o.<\/li>\n\n\n\n<li>Los datos para el env\u00edo de comunicaciones comerciales y elaboraci\u00f3n de perfiles comerciales de nuestros productos o servicios ser\u00e1n conservados mientras se mantenga la relaci\u00f3n comercial con el usuario y no retire su consentimiento para ello.<\/li>\n\n\n\n<li>Los datos de curriculum vitae para procesos de selecci\u00f3n ser\u00e1n conservados durante dos a\u00f1os.<\/li>\n<\/ul>\n\n\n\n<p>3.6 \u00bfA qu\u00e9 destinatarios se comunicar\u00e1n los datos personales del usuario?<\/p>\n\n\n\n<ul class=\"wp-block-list\">\n<li>Los datos personales del usuario podr\u00e1n ser comunicados a las entidades financieras a trav\u00e9s de las que se articule la gesti\u00f3n de cobros y pagos.<\/li>\n\n\n\n<li>Tambi\u00e9n podr\u00e1n ser comunicados a las Administraciones P\u00fablicas competentes en los casos&nbsp;previstos por la Ley.<\/li>\n<\/ul>\n\n\n\n<p>3.7 \u00bfCu\u00e1les son los derechos del usuario?<\/p>\n\n\n\n<p>Cualquier usuario que facilite sus datos personales a CINFO podr\u00e1 ejercer los siguientes derechos:<\/p>\n\n\n\n<ul class=\"wp-block-list\">\n<li>Acceso, rectificaci\u00f3n, oposici\u00f3n, supresi\u00f3n, portabilidad y limitaci\u00f3n del tratamiento. As\u00ed como, rechazar el tratamiento automatizado de los datos personales recogidos por CINFO.<\/li>\n\n\n\n<li>A su vez, todo usuario tendr\u00e1 derecho a retirar en cualquier momento el consentimiento que haya otorgado.<\/li>\n<\/ul>\n\n\n\n<p>Dichos derechos podr\u00e1n ser ejercitados gratuitamente por el usuario, haciendo referencia a la petici\u00f3n que se concreta en la solicitud a trav\u00e9s de los datos de contacto que figuran en el apartado 1 (domicilio social o correo electr\u00f3nico).<\/p>\n\n\n\n<p>3.8 \u00bfC\u00f3mo se revocan las comunicaciones comerciales y promocionales?<\/p>\n\n\n\n<p>El usuario tiene derecho a revocar su consentimiento prestado en cualquier momento para el env\u00edo de comunicaciones comerciales, simplemente notific\u00e1ndolo a CINFO e informando que no desea seguir recibiendo comunicaciones comerciales. Para ello, el usuario podr\u00e1 revocar su consentimiento haciendo referencia a su petici\u00f3n a trav\u00e9s de los datos de contacto que figuran en el apartado 1.<\/p>\n\n\n\n<p>3.9 \u00bfQu\u00e9 medidas de seguridad tenemos implementadas?<\/p>\n\n\n\n<p>CINFO se compromete al cumplimiento de la obligaci\u00f3n de secreto de los datos personales y de su deber de guardarlos, tratando los datos personales del usuario en todo momento de forma absolutamente confidencial, adoptando al efecto las medidas de \u00edndole t\u00e9cnica y organizativas necesarias que garanticen la seguridad de sus datos y eviten su alteraci\u00f3n, p\u00e9rdida, tratamiento o acceso no autorizado, habida cuenta del estado de la tecnolog\u00eda, la naturaleza de los datos almacenados y los riesgos a que est\u00e1n expuestos.<\/p>\n\n\n\n<p><br>3.10 Modificaciones en la Pol\u00edtica de Privacidad<\/p>\n\n\n\n<p>CINFO podr\u00e1 modificar su Pol\u00edtica de Privacidad de acuerdo con la legislaci\u00f3n aplicable en cada momento. En todo caso, cualquier modificaci\u00f3n de la Pol\u00edtica de Privacidad le ser\u00e1 debidamente notificada al usuario para que quede informado de los cambios realizados en el tratamiento de sus datos personales y, en caso de que la normativa aplicable as\u00ed lo exija, el usuario pueda otorgar su consentimiento.<\/p>\n\n\n\n<p>5. POL\u00cdTICA DE COOKIES<\/p>\n\n\n\n<p>A continuaci\u00f3n, se detallan las cookies utilizadas en <a href=\"https:\/\/tiivii.com\/\">www.tiivii.com<\/a><\/p>\n\n\n\n<p><strong><strong>Necesaria<\/strong><\/strong><\/p>\n\n\n\n<p>Las cookies necesarias son cruciales para las funciones b\u00e1sicas del sitio web y el sitio web no funcionar\u00e1 de la forma prevista sin ellas.<\/p>\n\n\n\n<p>Estas cookies no almacenan ning\u00fan dato de identificaci\u00f3n personal.<\/p>\n\n\n\n<figure class=\"wp-block-table\"><table><tbody><tr><td><strong>Id<\/strong><\/td><td><strong>Dominio<\/strong><\/td><td><strong><strong>Duraci\u00f3n<\/strong><\/strong><\/td><td><strong><strong>Descripci\u00f3n<\/strong><\/strong><\/td><\/tr><tr><td>cookieyes-consent<\/td><td>tiivii.com<\/td><td>1 a\u00f1o<\/td><td>CookieYes establece esta cookie para recordar las preferencias de consentimiento de los usuarios para que se respeten sus preferencias en sus visitas posteriores a este sitio. No recopila ni almacena ninguna informaci\u00f3n personal de los visitantes del sitio.<\/td><\/tr><tr><td>elementor<\/td><td>tiivii.com<\/td><td>Nunca<\/td><td>Esta cookie es utilizada por el tema de WordPress del sitio web. Permite al propietario del sitio web implementar o cambiar el contenido del sitio web en tiempo real.<\/td><\/tr><tr><td>_GRECAPTCHA<\/td><td>www.google.com<\/td><td>5 meses 27 d\u00edas<\/td><td>El servicio recaptcha de Google configura esta cookie para identificar bots y proteger el sitio web contra ataques de spam maliciosos.<\/td><\/tr><\/tbody><\/table><\/figure>\n\n\n\n<p><strong><strong>Funcional<\/strong><\/strong><\/p>\n\n\n\n<p>Las cookies funcionales ayudan a realizar ciertas funcionalidades, como compartir el contenido del sitio web en plataformas de redes sociales, recopilar comentarios y otras caracter\u00edsticas de terceros.<\/p>\n\n\n\n<figure class=\"wp-block-table\"><table><tbody><tr><td><strong>Id<\/strong><\/td><td><strong><strong>Dominio<\/strong><\/strong><\/td><td><strong><strong>Duraci\u00f3n<\/strong><\/strong><\/td><td><strong>Descripci\u00f3n<\/strong><\/td><\/tr><tr><td>pll_language<\/td><td>tiivii.com<\/td><td>1 a\u00f1o<\/td><td>Polylang utiliza la cookie pll _language para recordar el idioma seleccionado por el usuario cuando regresa al sitio web, y tambi\u00e9n para obtener la informaci\u00f3n del idioma cuando no est\u00e1 disponible de otra manera.<\/td><\/tr><tr><td>__cf_bm<\/td><td>.vimeo.com<\/td><td>30 minutos<\/td><td>Esta cookie es utilizada por el tema de WordPress del sitio web. Permite al propietario del sitio web implementar o cambiar el contenido del sitio web en tiempo real.<\/td><\/tr><tr><td>aka_debug<\/td><td>.akamaized.net<\/td><td>sesi\u00f3n<\/td><td>Vimeo establece esta cookie que es esencial para que el sitio web reproduzca la funcionalidad de video.<\/td><\/tr><\/tbody><\/table><\/figure>\n\n\n\n<p><strong><strong>Anal\u00edtica<\/strong><\/strong><\/p>\n\n\n\n<p>Las cookies anal\u00edticas se utilizan para comprender c\u00f3mo interact\u00faan los visitantes con el sitio web. Estas cookies ayudan a proporcionar informaci\u00f3n sobre m\u00e9tricas el n\u00famero de visitantes, el porcentaje de rebote, la fuente de tr\u00e1fico, etc.<\/p>\n\n\n\n<figure class=\"wp-block-table\"><table><tbody><tr><td><strong>Id<\/strong><\/td><td><strong><strong>Dominio<\/strong><\/strong><\/td><td><strong>Duraci\u00f3n<\/strong><\/td><td><strong><strong>Descripci\u00f3n<\/strong><\/strong><\/td><\/tr><tr><td>_ga<\/td><td>.tiivii.com<\/td><td>2 a\u00f1os<\/td><td>La cookie _ga, instalada por Google Analytics, calcula los datos de visitantes, sesiones y campa\u00f1as y tambi\u00e9n realiza un seguimiento del uso del sitio para el informe anal\u00edtico del sitio. La cookie almacena informaci\u00f3n de forma an\u00f3nima y asigna un n\u00famero generado aleatoriamente para reconocer a visitantes \u00fanicos.<\/td><\/tr><tr><td>_gid<\/td><td>.tiivii.com<\/td><td>1 d\u00eda<\/td><td>Instalada por Google Analytics, la cookie _gid almacena informaci\u00f3n sobre c\u00f3mo los visitantes usan un sitio web, al mismo tiempo que crea un informe anal\u00edtico del rendimiento del sitio web. Algunos de los datos que se recopilan incluyen el n\u00famero de visitantes, su fuente y las p\u00e1ginas que visitan de forma an\u00f3nima.<\/td><\/tr><tr><td>_gat_UA-125821367-3<\/td><td>.tiivii.com<\/td><td>1 minuto<\/td><td>Una variaci\u00f3n de la cookie _gat establecida por Google Analytics y Google Tag Manager para permitir a los propietarios de sitios web realizar un seguimiento del comportamiento de los visitantes y medir el rendimiento del sitio. El elemento de patr\u00f3n en el nombre contiene el n\u00famero de identidad \u00fanico de la cuenta o sitio web al que se relaciona.<\/td><\/tr><tr><td>vuid<\/td><td>.vimeo.com<\/td><td>2 a\u00f1os<\/td><td>Vimeo instala esta cookie para recopilar informaci\u00f3n de seguimiento al establecer una identificaci\u00f3n \u00fanica para insertar videos en el sitio web.<\/td><\/tr><\/tbody><\/table><\/figure>\n\n\n\n<p>C\u00f3mo desinstalar las cookies<\/p>\n\n\n\n<p><br>Si un usuario desea desinstalar las cookies que utiliza la p\u00e1gina web&nbsp;<a href=\"https:\/\/tiivii.com\/\">www.tiivii.com<\/a>&nbsp;de su navegador, puede hacerlo accediendo a las siguientes indicaciones.<\/p>\n\n\n\n<ul class=\"wp-block-list\">\n<li>Para m\u00e1s informaci\u00f3n sobre Internet Explorer pulse&nbsp;<a href=\"https:\/\/support.microsoft.com\/es-es\/help\/17442\/windows-internet-explorer-delete-manage-cookies\">aqu\u00ed<\/a>.<\/li>\n\n\n\n<li>Para m\u00e1s informaci\u00f3n sobre Microsoft Edge pulse&nbsp;<a href=\"https:\/\/support.microsoft.com\/es-es\/help\/4468242\/microsoft-edge-browsing-data-and-privacy-microsoft-privacy\">aqu\u00ed<\/a>.<\/li>\n\n\n\n<li>Para m\u00e1s informaci\u00f3n sobre Firefox pulse&nbsp;<a href=\"https:\/\/support.mozilla.org\/es\/kb\/Borrar%20cookies\">aqu\u00ed<\/a>.<\/li>\n\n\n\n<li>Para m\u00e1s informaci\u00f3n sobre Chrome pulse&nbsp;<a href=\"https:\/\/support.google.com\/chrome\/answer\/95647?hl=%22es%22\">aqu\u00ed<\/a>.<\/li>\n\n\n\n<li>Para m\u00e1s informaci\u00f3n sobre Safari pulse&nbsp;<a href=\"https:\/\/www.apple.com\/legal\/privacy\/es\/cookies\/\">aqu\u00ed<\/a>.<\/li>\n\n\n\n<li>Para m\u00e1s informaci\u00f3n sobre Opera pulse&nbsp;<a href=\"https:\/\/help.opera.com\/es\/Windows\/11.50\/es-ES\/cookies.html\">aqu\u00ed<\/a>.<\/li>\n\n\n\n<li>Para m\u00e1s informaci\u00f3n sobre Safari IOS pulse&nbsp;<a href=\"https:\/\/support.apple.com\/es-es\/HT201265\">aqu\u00ed<\/a>.<\/li>\n\n\n\n<li>Para m\u00e1s informaci\u00f3n sobre Android pulse&nbsp;<a href=\"https:\/\/support.google.com\/android\/?hl=es#topic=7313011\">aqu\u00ed<\/a>.<\/li>\n<\/ul>\n\n\n\n<p><\/p>\n\n\n\n<p>6. NORMATIVA Y JURISDICCI\u00d3N<\/p>\n\n\n\n<p>Nuestros textos legales se rigen por la ley espa\u00f1ola. Estos textos permanecer\u00e1n accesibles para los usuarios en todo momento desde nuestra p\u00e1gina web.<br>Si las partes no acordasen someterse a mediaci\u00f3n o arbitraje previamente, en el&nbsp; presente aviso legal se establece el acuerdo de someterse a los Juzgados y Tribunales de A Coru\u00f1a, renunciando expresamente a cualquier otra jurisdicci\u00f3n.<\/p>\n","protected":false},"excerpt":{"rendered":"<p>Who are we La direcci\u00f3n de nuestra web es: https:\/\/tiivii.com\/. 1. DATOS IDENTIFICATIVOS Responsable CINFO CONTENIDOS INFORMATIVOS ESPECIALIZADOS, S.L.(en adelante, \u201cCINFO\u201d) CIF B15757941 P\u00e1gina web &nbsp;www.tiivii.com Domicilio Social Edificio CSA, 1a planta, Ciudad de las TICAvenida de Pedralonga, 3215009 A Coru\u00f1a Datos Registrales Registro Mercantil de A CORU\u00d1A T 2913, F 139, S 8, H [&hellip;]<\/p>\n","protected":false},"author":1,"featured_media":0,"parent":0,"menu_order":0,"comment_status":"closed","ping_status":"closed","template":"","meta":{"footnotes":""},"class_list":["post-12473","page","type-page","status-publish","hentry"],"_links":{"self":[{"href":"https:\/\/tiivii.com\/site\/wp-json\/wp\/v2\/pages\/12473","targetHints":{"allow":["GET"]}}],"collection":[{"href":"https:\/\/tiivii.com\/site\/wp-json\/wp\/v2\/pages"}],"about":[{"href":"https:\/\/tiivii.com\/site\/wp-json\/wp\/v2\/types\/page"}],"author":[{"embeddable":true,"href":"https:\/\/tiivii.com\/site\/wp-json\/wp\/v2\/users\/1"}],"replies":[{"embeddable":true,"href":"https:\/\/tiivii.com\/site\/wp-json\/wp\/v2\/comments?post=12473"}],"version-history":[{"count":3,"href":"https:\/\/tiivii.com\/site\/wp-json\/wp\/v2\/pages\/12473\/revisions"}],"predecessor-version":[{"id":12628,"href":"https:\/\/tiivii.com\/site\/wp-json\/wp\/v2\/pages\/12473\/revisions\/12628"}],"wp:attachment":[{"href":"https:\/\/tiivii.com\/site\/wp-json\/wp\/v2\/media?parent=12473"}],"curies":[{"name":"wp","href":"https:\/\/api.w.org\/{rel}","templated":true}]}}