{"id":12362,"date":"2022-11-22T12:21:07","date_gmt":"2022-11-22T12:21:07","guid":{"rendered":"https:\/\/tiivii.com\/site\/?page_id=12362"},"modified":"2023-12-21T13:08:35","modified_gmt":"2023-12-21T13:08:35","slug":"terminos-y-condiciones","status":"publish","type":"page","link":"https:\/\/tiivii.com\/site\/terminos-y-condiciones\/","title":{"rendered":"T\u00e9rminos y condiciones"},"content":{"rendered":"\n<p>1.<strong> Informaci\u00f3n general<\/strong><\/p>\n\n\n\n<p><strong>cinfo<\/strong>, Contenidos Informativos Especializados, S.L., es el propietario del dominio y la p\u00e1gina web<a href=\"http:\/\/www.cinfo.es\/\">&nbsp;<strong>www.cinfo.es<\/strong><\/a>.<\/p>\n\n\n\n<p>La compa\u00f1\u00eda est\u00e1 registrada en el Registro Mercantil de A Coru\u00f1a, en el libro 2408, secci\u00f3n 6, folio 166, hoja C-25677, con raz\u00f3n social No. B-15.757.941. El domicilio social en Edificio CSA, 1a planta, Ciudad de las TIC Avenida de Pedralonga, 32 15009 A Coru\u00f1a. Su direcci\u00f3n de correo electr\u00f3nico\u00a0<a href=\"mailto:gdpr@cinfo.es\" target=\"_blank\" rel=\"noreferrer noopener\">gdpr@cinfo.es<\/a><\/p>\n\n\n\n<p>El prop\u00f3sito de la web de cinfo es proveer al p\u00fablico en general de informaci\u00f3n de la compa\u00f1\u00eda, su actividad y los productos y servicios que ofrece. Cinfo se reserva el derecho a modificar la informaci\u00f3n que aparece en la web en cualquier momento y sin previa notificaci\u00f3n.<\/p>\n\n\n\n<p>cinfo no acepta responsabilidades por las consecuencias o da\u00f1os causados por el acceso a esta web, por el uso de la informaci\u00f3n aqu\u00ed contenida o desde el acceso a otro material de internet a trav\u00e9s de enlaces aqu\u00ed contenidos.<\/p>\n\n\n\n<p>Las siguientes condiciones genera regulan el uso del sitio web<a href=\"http:\/\/www.cinfo.es\/\">&nbsp;www.cinfo.es<\/a>&nbsp;propiedad de cinfo. El uso de esta publicaci\u00f3n digital y su contenido est\u00e1 sujeto a los t\u00e9rminos de condiciones de uso. El acceso o la utilizaci\u00f3n de dichos servicios y contenidos expresa la entera e incondicional aceptaci\u00f3n de los t\u00e9rminos y condiciones de uso de la web de cinfo en el momento en que se produzca dicho acceso o utilizaci\u00f3n.<\/p>\n\n\n\n<p>2. <strong>Uso de la web<\/strong><\/p>\n\n\n\n<p>El usuario se compromete a utilizar el sitio web, sus servicios y el contenido sin contravenir la legislaci\u00f3n vigente, la buena fe, los t\u00e9rminos de uso generalmente aceptados y el orden p\u00fablico. El uso del sitio web para fines il\u00edcitos o perjudiciales para cinfo o cualquier tercero, o que pueda causar da\u00f1os o impedir el funcionamiento normal del mismo, est\u00e1 estrictamente prohibido.<\/p>\n\n\n\n<p><br>Todos los contenidos (informaci\u00f3n, textos, gr\u00e1ficos, im\u00e1genes, fotograf\u00edas, dise\u00f1os, logotipos, etc.) publicados por cinfo en este sitio web pueden ser vistos, copiados, impresos y distribuidos por cualquier persona, siempre que dicho contenido se utilice exclusivamente con fines informativos; Su uso con fines comerciales est\u00e1 estrictamente prohibido. Ninguno de los contenidos relacionados en este sitio web puede ser modificado de ninguna manera. El tratamiento de los datos personales del usuario se regir\u00e1 por las disposiciones de la pol\u00edtica de privacidad de cinfo.<\/p>\n\n\n\n<p>El tratamiento de los datos personales del usuario se regir\u00e1 por las disposiciones de la pol\u00edtica de privacidad de cinfo.<\/p>\n\n\n\n<p>3. <strong>Propiedad intelectual<\/strong><\/p>\n\n\n\n<p>Los derechos de propiedad intelectual en el sitio web, el dise\u00f1o gr\u00e1fico y el c\u00f3digo son propiedad de cinfo, a los que corresponde el ejercicio exclusivo de los derechos de explotaci\u00f3n sobre los mismos y, en particular, los derechos de reproducci\u00f3n, distribuci\u00f3n, comunicaci\u00f3n p\u00fablica y transformaci\u00f3n.<\/p>\n\n\n\n<p>4. <strong>Excepciones de responsabilidad<\/strong><\/p>\n\n\n\n<p>Los usuarios acceden y utilizan el sitio web bajo su exclusiva y exclusiva responsabilidad. cinfo no garantiza ni acepta ninguna responsabilidad por da\u00f1os de cualquier naturaleza debido a las siguientes circunstancias:<\/p>\n\n\n\n<ol class=\"wp-block-list\">\n<li>Falta de continuidad en el funcionamiento del sitio web, o el funcionamiento defectuoso de las diferentes p\u00e1ginas.<\/li>\n\n\n\n<li>Falta de utilidad, adecuaci\u00f3n o validez de los servicios y contenidos ofrecidos en el sitio web en relaci\u00f3n con los resultados y expectativas del usuario.<\/li>\n\n\n\n<li>La existencia de virus inform\u00e1ticos que pueden da\u00f1ar el equipo del usuario (hardware y software) debido a la navegaci\u00f3n en este sitio web<\/li>\n<\/ol>\n","protected":false},"excerpt":{"rendered":"<p>1. Informaci\u00f3n general cinfo, Contenidos Informativos Especializados, S.L., es el propietario del dominio y la p\u00e1gina web&nbsp;www.cinfo.es. La compa\u00f1\u00eda est\u00e1 registrada en el Registro Mercantil de A Coru\u00f1a, en el libro 2408, secci\u00f3n 6, folio 166, hoja C-25677, con raz\u00f3n social No. B-15.757.941. El domicilio social en Edificio CSA, 1a planta, Ciudad de las TIC [&hellip;]<\/p>\n","protected":false},"author":1,"featured_media":0,"parent":0,"menu_order":0,"comment_status":"closed","ping_status":"closed","template":"","meta":{"footnotes":""},"class_list":["post-12362","page","type-page","status-publish","hentry"],"_links":{"self":[{"href":"https:\/\/tiivii.com\/site\/wp-json\/wp\/v2\/pages\/12362","targetHints":{"allow":["GET"]}}],"collection":[{"href":"https:\/\/tiivii.com\/site\/wp-json\/wp\/v2\/pages"}],"about":[{"href":"https:\/\/tiivii.com\/site\/wp-json\/wp\/v2\/types\/page"}],"author":[{"embeddable":true,"href":"https:\/\/tiivii.com\/site\/wp-json\/wp\/v2\/users\/1"}],"replies":[{"embeddable":true,"href":"https:\/\/tiivii.com\/site\/wp-json\/wp\/v2\/comments?post=12362"}],"version-history":[{"count":2,"href":"https:\/\/tiivii.com\/site\/wp-json\/wp\/v2\/pages\/12362\/revisions"}],"predecessor-version":[{"id":12631,"href":"https:\/\/tiivii.com\/site\/wp-json\/wp\/v2\/pages\/12362\/revisions\/12631"}],"wp:attachment":[{"href":"https:\/\/tiivii.com\/site\/wp-json\/wp\/v2\/media?parent=12362"}],"curies":[{"name":"wp","href":"https:\/\/api.w.org\/{rel}","templated":true}]}}